{"id":2,"date":"2020-11-24T19:31:34","date_gmt":"2020-11-24T19:31:34","guid":{"rendered":"http:\/\/www.zinnankauf.ch\/?page_id=2"},"modified":"2026-04-04T09:44:16","modified_gmt":"2026-04-04T09:44:16","slug":"zinnankauf-schweiz","status":"publish","type":"page","link":"https:\/\/www.zinnankauf.ch\/","title":{"rendered":"Home"},"content":{"rendered":"<h1>Ankauf von Zinn (und anderen Metallen)<\/h1>\n\n\n<figure class=\"wp-block-image size-large is-resized\"><img loading=\"lazy\" decoding=\"async\" width=\"1024\" height=\"1024\" src=\"https:\/\/www.zinnankauf.ch\/wp-content\/uploads\/2023\/01\/20230112_0912301-1024x1024.jpg\" alt=\"\" class=\"wp-image-183\" style=\"width:308px;height:308px\" srcset=\"https:\/\/www.zinnankauf.ch\/wp-content\/uploads\/2023\/01\/20230112_0912301-1024x1024.jpg 1024w, https:\/\/www.zinnankauf.ch\/wp-content\/uploads\/2023\/01\/20230112_0912301-300x300.jpg 300w, https:\/\/www.zinnankauf.ch\/wp-content\/uploads\/2023\/01\/20230112_0912301-150x150.jpg 150w, https:\/\/www.zinnankauf.ch\/wp-content\/uploads\/2023\/01\/20230112_0912301-768x768.jpg 768w, https:\/\/www.zinnankauf.ch\/wp-content\/uploads\/2023\/01\/20230112_0912301-1536x1536.jpg 1536w, https:\/\/www.zinnankauf.ch\/wp-content\/uploads\/2023\/01\/20230112_0912301-2048x2048.jpg 2048w\" sizes=\"auto, (max-width: 1024px) 100vw, 1024px\" \/><\/figure>\n\n\n<h2>Freundlich und professionell<\/h2>\n<p>Gerne kaufen wir Ihr Zinn bei Zinnankauf.ch<\/p>\n<p>Wir kaufen Zinn jeder Art (Beachten Sie, dass wir auch alle anderen Bunt-Metalle ankaufen):<\/p>\n<ul>\n<li>Zinnbecher<\/li>\n<li>Zinnkr\u00fcge<\/li>\n<li>Zinnteller<\/li>\n<li>Zinnvasen<\/li>\n<li>Zinngeschirr<\/li>\n<\/ul>\n<p>Als H\u00e4ndler kaufen wir zu fairen Preisen alle Zinn-Gegenst\u00e4nde, ob neu, alt oder besch\u00e4digt.<\/p>\n<p>Meist ist der Ankaufspreis der Recycling-Wert. Bei Zinn liegt dieser bei ca. Fr. 16.- Fr.\/kg.\u00a0 (Stand April 26).<\/p>\n<p>Der Zinnpreis variiert je nach Qualit\u00e4t des Gegenstands und der Menge.<\/p>\n<p>Zinngegenst\u00e4nde\u00a0 enthalten zwischen 65% und 99% Zinn.<\/p>\n<p>Gerne machen wir Ihnen telefonisch eine Offerte. (auch Abholung m\u00f6glich)<\/p>\n<p>079 244 66 44\u00a0 \u00a0 \u00a0 <a role=\"button\" href=\"tel:+41792446644\">Jetzt anrufen<br \/><\/a><\/p>\n<p><a href=\"mailto:einkauf@zinnankauf.ch\">einkauf@zinnankauf.ch<\/a><\/p>\n<p><img loading=\"lazy\" decoding=\"async\" class=\"alignnone wp-image-181 \" src=\"https:\/\/www.zinnankauf.ch\/wp-content\/uploads\/2023\/01\/20230112_0912191-300x300.jpg\" alt=\"\" width=\"329\" height=\"329\" srcset=\"https:\/\/www.zinnankauf.ch\/wp-content\/uploads\/2023\/01\/20230112_0912191-300x300.jpg 300w, https:\/\/www.zinnankauf.ch\/wp-content\/uploads\/2023\/01\/20230112_0912191-1024x1024.jpg 1024w, https:\/\/www.zinnankauf.ch\/wp-content\/uploads\/2023\/01\/20230112_0912191-150x150.jpg 150w, https:\/\/www.zinnankauf.ch\/wp-content\/uploads\/2023\/01\/20230112_0912191-768x768.jpg 768w, https:\/\/www.zinnankauf.ch\/wp-content\/uploads\/2023\/01\/20230112_0912191-1536x1536.jpg 1536w, https:\/\/www.zinnankauf.ch\/wp-content\/uploads\/2023\/01\/20230112_0912191-2048x2048.jpg 2048w\" sizes=\"auto, (max-width: 329px) 100vw, 329px\" \/><\/p>\n<h3>\u00a0<\/h3>\n<h3>Wir kaufen auch<\/h3>\n<h3>&#8211; Besteck versilbert 90\/100 oder Silber 800 oder 925<br \/>&#8211; Kupfer<br \/>&#8211; Kupferkabel<br \/>&#8211; Messing<\/h3>\n<h3>zu fairen Tagespreisen<\/h3>\n<p>(Besteck 90\/100 Fr. 30\/kg, Messer 90\/100 Fr. 10.-\/kg, Stand 04.2026)<\/p>\n<h3>&#8211; M\u00fcnzen inkl. Numismatik<\/h3>\n<h3>&#8211; Armbanduhren (mechanisch)<\/h3>\n<h1>Gerne organisieren auch ganze Hausr\u00e4umungen\ud83d\udc4c<\/h1>\n<p>\ud83d\udc40<\/p>\n<h3>ZINN ODER ZAMAK? WIE ERKENNT MAN ES?<\/h3>\n<p>Zinn und Zamak sind zwei Metalle, die sich scheinbar \u00e4hneln, es aber nicht sind.<br \/>Zamak ist viel st\u00e4rker als Zinn (dreimal st\u00e4rker als das Grundmetall), hat aber eine geringere Dichte und besteht haupts\u00e4chlich aus Zink und Aluminium. Um den prozentualen Anteil von Zinn in einer Legierung zu bestimmen, muss man ein Spektrometer verwenden.<br \/>Ein paar Tipps, um ein falsches Zinn ohne Spektrometer zu erkennen:<\/p>\n<ul>\n<li>Der Gegenstand &#171;bricht&#187;, wenn man ihn faltet.<\/li>\n<li>Der Gegenstand hat eine Farbe, die zu Lila tendiert.<\/li>\n<li>Der Gegenstand &#171;schreit&#187; nicht, wenn man ihn faltet.<\/li>\n<li>Der Artikel ist ungew\u00f6hnlich schwer (enth\u00e4lt Blei).<\/li>\n<li>Die Marmorierung auf dem Gegenstand zeigt eine erzwungene Patina mit S\u00e4ure.<\/li>\n<\/ul>\n<p>Bitte beachten Sie, dass die Punze nicht immer ein zuverl\u00e4ssiger Hinweis darauf ist, um welche Zinngegenst\u00e4nde es sich handelt.<\/p>\n<h2>\u00a0<\/h2>\n<h2>\u00a0<\/h2>\n<h2>WO KANN MAN ZINN FINDEN?<\/h2>\n<p>Zinn ist in vielen alten Gegenst\u00e4nden enthalten, z.B. Geschirr, Kr\u00fcge, Becher, Teller, T\u00f6pfe, aber auch in Bierleitungen, L\u00f6tstangen und Figuren, Zinnplatten und Zinnfolie.<\/p>\n<h2>WO KANN MAN ZINN VERKAUFEN<\/h2>\n<p>Sie k\u00f6nnen bei uns vorbeikommen und nach erfolgter Wertbestimmung zahlen wir den Gegenwert, bei analysierbarem Zinn, Messing, Kupfer oder Silber gleich in BAR aus, bitte bringen Sie einen amtlichen Ausweis mit.<\/p>\n<p>Gerne kommen wir nach Vereinbarung auch bei Ihnen vorbei und holen Ihre Ware vor Ort ab.<\/p>\n<p><iframe title=\"Buhlstrasse 1, 8953 Dietikon\" src=\"https:\/\/maps.google.com\/maps?q=Buhlstrasse%201%2C%208953%20Dietikon&amp;t=m&amp;z=10&amp;output=embed&amp;iwloc=near\" frameborder=\"0\" marginwidth=\"0\" marginheight=\"0\" scrolling=\"no\" aria-label=\"Buhlstrasse 1, 8953 Dietikon\" data-mce-fragment=\"1\"><\/iframe><\/p>\n<p>Kontakt aufnehmen<br \/>&#8211; unverbindlich &#8211; 079 244 66 44<\/p>\n<p>079 244 66 44\u00a0 \u00a0 \u00a0 <a role=\"button\" href=\"tel:+41792446644\">Jetzt anrufen<br \/><\/a><\/p>\n<p><a href=\"mailto:einkauf@zinnankauf.ch\">einkauf@zinnankauf.ch<\/a><\/p>\n<h1>Weitere Dienstleistungen von Brockiworld.ch<\/h1>\n<p><a href=\"http:\/\/www.brockiworld.ch\">http:\/\/www.brockiworld.ch<\/a><\/p>\n<p>Hausr\u00e4umungen, Liquidationen, Versteigerungen, Reinigungen (alles aus einer Hand)<\/p>\n<h3>\u00a0<\/h3>\n\n\n<p><\/p>\n","protected":false},"excerpt":{"rendered":"<p>Ankauf von Zinn (und anderen Metallen) Freundlich und professionell Gerne kaufen wir Ihr Zinn bei Zinnankauf.ch Wir kaufen Zinn jeder Art (Beachten Sie, dass wir auch alle anderen Bunt-Metalle ankaufen): Zinnbecher Zinnkr\u00fcge Zinnteller Zinnvasen Zinngeschirr Als H\u00e4ndler kaufen wir zu fairen Preisen alle Zinn-Gegenst\u00e4nde, ob neu, alt oder besch\u00e4digt. Meist ist der Ankaufspreis der Recycling-Wert. [&hellip;]<\/p>\n","protected":false},"author":1,"featured_media":0,"parent":0,"menu_order":0,"comment_status":"closed","ping_status":"open","template":"","meta":{"footnotes":""},"class_list":["post-2","page","type-page","status-publish","hentry"],"yoast_head":"<!-- This site is optimized with the Yoast SEO plugin v27.3 - https:\/\/yoast.com\/product\/yoast-seo-wordpress\/ -->\n<title>zinnankauf.ch<\/title>\n<meta name=\"description\" content=\"Wir bieten den besten Preis f\u00fcr Ihr Zinn. Zinnankauf in der Schweiz, Professionell und Diskret: 0792446655\" \/>\n<meta name=\"robots\" content=\"index, follow, max-snippet:-1, max-image-preview:large, max-video-preview:-1\" \/>\n<link rel=\"canonical\" href=\"https:\/\/www.zinnankauf.ch\/\" \/>\n<meta property=\"og:locale\" content=\"de_DE\" \/>\n<meta property=\"og:type\" content=\"article\" \/>\n<meta property=\"og:title\" content=\"zinnankauf.ch\" \/>\n<meta property=\"og:description\" content=\"Wir bieten den besten Preis f\u00fcr Ihr Zinn. Zinnankauf in der Schweiz, Professionell und Diskret: 0792446655\" \/>\n<meta property=\"og:url\" content=\"https:\/\/www.zinnankauf.ch\/\" \/>\n<meta property=\"og:site_name\" content=\"zinnankauf.ch\" \/>\n<meta property=\"article:modified_time\" content=\"2026-04-04T09:44:16+00:00\" \/>\n<meta property=\"og:image\" content=\"https:\/\/www.zinnankauf.ch\/wp-content\/uploads\/2023\/01\/20230112_0912301-scaled.jpg\" \/>\n\t<meta property=\"og:image:width\" content=\"2560\" \/>\n\t<meta property=\"og:image:height\" content=\"2560\" \/>\n\t<meta property=\"og:image:type\" content=\"image\/jpeg\" \/>\n<meta name=\"twitter:card\" content=\"summary_large_image\" \/>\n<meta name=\"twitter:label1\" content=\"Gesch\u00e4tzte Lesezeit\" \/>\n\t<meta name=\"twitter:data1\" content=\"3\u00a0Minuten\" \/>\n<script type=\"application\/ld+json\" class=\"yoast-schema-graph\">{\"@context\":\"https:\\\/\\\/schema.org\",\"@graph\":[{\"@type\":\"WebPage\",\"@id\":\"https:\\\/\\\/www.zinnankauf.ch\\\/\",\"url\":\"https:\\\/\\\/www.zinnankauf.ch\\\/\",\"name\":\"zinnankauf.ch\",\"isPartOf\":{\"@id\":\"https:\\\/\\\/www.zinnankauf.ch\\\/#website\"},\"primaryImageOfPage\":{\"@id\":\"https:\\\/\\\/www.zinnankauf.ch\\\/#primaryimage\"},\"image\":{\"@id\":\"https:\\\/\\\/www.zinnankauf.ch\\\/#primaryimage\"},\"thumbnailUrl\":\"https:\\\/\\\/www.zinnankauf.ch\\\/wp-content\\\/uploads\\\/2023\\\/01\\\/20230112_0912301-1024x1024.jpg\",\"datePublished\":\"2020-11-24T19:31:34+00:00\",\"dateModified\":\"2026-04-04T09:44:16+00:00\",\"description\":\"Wir bieten den besten Preis f\u00fcr Ihr Zinn. Zinnankauf in der Schweiz, Professionell und Diskret: 0792446655\",\"breadcrumb\":{\"@id\":\"https:\\\/\\\/www.zinnankauf.ch\\\/#breadcrumb\"},\"inLanguage\":\"de-CH\",\"potentialAction\":[{\"@type\":\"ReadAction\",\"target\":[\"https:\\\/\\\/www.zinnankauf.ch\\\/\"]}]},{\"@type\":\"ImageObject\",\"inLanguage\":\"de-CH\",\"@id\":\"https:\\\/\\\/www.zinnankauf.ch\\\/#primaryimage\",\"url\":\"https:\\\/\\\/www.zinnankauf.ch\\\/wp-content\\\/uploads\\\/2023\\\/01\\\/20230112_0912301-scaled.jpg\",\"contentUrl\":\"https:\\\/\\\/www.zinnankauf.ch\\\/wp-content\\\/uploads\\\/2023\\\/01\\\/20230112_0912301-scaled.jpg\",\"width\":2560,\"height\":2560},{\"@type\":\"BreadcrumbList\",\"@id\":\"https:\\\/\\\/www.zinnankauf.ch\\\/#breadcrumb\",\"itemListElement\":[{\"@type\":\"ListItem\",\"position\":1,\"name\":\"Home\",\"item\":\"https:\\\/\\\/www.zinnankauf.ch\\\/\"},{\"@type\":\"ListItem\",\"position\":2,\"name\":\"Home\"}]},{\"@type\":\"WebSite\",\"@id\":\"https:\\\/\\\/www.zinnankauf.ch\\\/#website\",\"url\":\"https:\\\/\\\/www.zinnankauf.ch\\\/\",\"name\":\"zinnankauf.ch\",\"description\":\"Beste Preise f\u00fcr Ihr Zinn und weitere Metalle 079 244 66 44\",\"publisher\":{\"@id\":\"https:\\\/\\\/www.zinnankauf.ch\\\/#organization\"},\"potentialAction\":[{\"@type\":\"SearchAction\",\"target\":{\"@type\":\"EntryPoint\",\"urlTemplate\":\"https:\\\/\\\/www.zinnankauf.ch\\\/?s={search_term_string}\"},\"query-input\":{\"@type\":\"PropertyValueSpecification\",\"valueRequired\":true,\"valueName\":\"search_term_string\"}}],\"inLanguage\":\"de-CH\"},{\"@type\":\"Organization\",\"@id\":\"https:\\\/\\\/www.zinnankauf.ch\\\/#organization\",\"name\":\"Zinnankauf\",\"url\":\"https:\\\/\\\/www.zinnankauf.ch\\\/\",\"logo\":{\"@type\":\"ImageObject\",\"inLanguage\":\"de-CH\",\"@id\":\"https:\\\/\\\/www.zinnankauf.ch\\\/#\\\/schema\\\/logo\\\/image\\\/\",\"url\":\"https:\\\/\\\/www.zinnankauf.ch\\\/wp-content\\\/uploads\\\/2022\\\/11\\\/cropped-cropped-zinn_logo-1.bmp\",\"contentUrl\":\"https:\\\/\\\/www.zinnankauf.ch\\\/wp-content\\\/uploads\\\/2022\\\/11\\\/cropped-cropped-zinn_logo-1.bmp\",\"width\":300,\"height\":59,\"caption\":\"Zinnankauf\"},\"image\":{\"@id\":\"https:\\\/\\\/www.zinnankauf.ch\\\/#\\\/schema\\\/logo\\\/image\\\/\"}}]}<\/script>\n<!-- \/ Yoast SEO plugin. -->","yoast_head_json":{"title":"zinnankauf.ch","description":"Wir bieten den besten Preis f\u00fcr Ihr Zinn. Zinnankauf in der Schweiz, Professionell und Diskret: 0792446655","robots":{"index":"index","follow":"follow","max-snippet":"max-snippet:-1","max-image-preview":"max-image-preview:large","max-video-preview":"max-video-preview:-1"},"canonical":"https:\/\/www.zinnankauf.ch\/","og_locale":"de_DE","og_type":"article","og_title":"zinnankauf.ch","og_description":"Wir bieten den besten Preis f\u00fcr Ihr Zinn. Zinnankauf in der Schweiz, Professionell und Diskret: 0792446655","og_url":"https:\/\/www.zinnankauf.ch\/","og_site_name":"zinnankauf.ch","article_modified_time":"2026-04-04T09:44:16+00:00","og_image":[{"width":2560,"height":2560,"url":"https:\/\/www.zinnankauf.ch\/wp-content\/uploads\/2023\/01\/20230112_0912301-scaled.jpg","type":"image\/jpeg"}],"twitter_card":"summary_large_image","twitter_misc":{"Gesch\u00e4tzte Lesezeit":"3\u00a0Minuten"},"schema":{"@context":"https:\/\/schema.org","@graph":[{"@type":"WebPage","@id":"https:\/\/www.zinnankauf.ch\/","url":"https:\/\/www.zinnankauf.ch\/","name":"zinnankauf.ch","isPartOf":{"@id":"https:\/\/www.zinnankauf.ch\/#website"},"primaryImageOfPage":{"@id":"https:\/\/www.zinnankauf.ch\/#primaryimage"},"image":{"@id":"https:\/\/www.zinnankauf.ch\/#primaryimage"},"thumbnailUrl":"https:\/\/www.zinnankauf.ch\/wp-content\/uploads\/2023\/01\/20230112_0912301-1024x1024.jpg","datePublished":"2020-11-24T19:31:34+00:00","dateModified":"2026-04-04T09:44:16+00:00","description":"Wir bieten den besten Preis f\u00fcr Ihr Zinn. Zinnankauf in der Schweiz, Professionell und Diskret: 0792446655","breadcrumb":{"@id":"https:\/\/www.zinnankauf.ch\/#breadcrumb"},"inLanguage":"de-CH","potentialAction":[{"@type":"ReadAction","target":["https:\/\/www.zinnankauf.ch\/"]}]},{"@type":"ImageObject","inLanguage":"de-CH","@id":"https:\/\/www.zinnankauf.ch\/#primaryimage","url":"https:\/\/www.zinnankauf.ch\/wp-content\/uploads\/2023\/01\/20230112_0912301-scaled.jpg","contentUrl":"https:\/\/www.zinnankauf.ch\/wp-content\/uploads\/2023\/01\/20230112_0912301-scaled.jpg","width":2560,"height":2560},{"@type":"BreadcrumbList","@id":"https:\/\/www.zinnankauf.ch\/#breadcrumb","itemListElement":[{"@type":"ListItem","position":1,"name":"Home","item":"https:\/\/www.zinnankauf.ch\/"},{"@type":"ListItem","position":2,"name":"Home"}]},{"@type":"WebSite","@id":"https:\/\/www.zinnankauf.ch\/#website","url":"https:\/\/www.zinnankauf.ch\/","name":"zinnankauf.ch","description":"Beste Preise f\u00fcr Ihr Zinn und weitere Metalle 079 244 66 44","publisher":{"@id":"https:\/\/www.zinnankauf.ch\/#organization"},"potentialAction":[{"@type":"SearchAction","target":{"@type":"EntryPoint","urlTemplate":"https:\/\/www.zinnankauf.ch\/?s={search_term_string}"},"query-input":{"@type":"PropertyValueSpecification","valueRequired":true,"valueName":"search_term_string"}}],"inLanguage":"de-CH"},{"@type":"Organization","@id":"https:\/\/www.zinnankauf.ch\/#organization","name":"Zinnankauf","url":"https:\/\/www.zinnankauf.ch\/","logo":{"@type":"ImageObject","inLanguage":"de-CH","@id":"https:\/\/www.zinnankauf.ch\/#\/schema\/logo\/image\/","url":"https:\/\/www.zinnankauf.ch\/wp-content\/uploads\/2022\/11\/cropped-cropped-zinn_logo-1.bmp","contentUrl":"https:\/\/www.zinnankauf.ch\/wp-content\/uploads\/2022\/11\/cropped-cropped-zinn_logo-1.bmp","width":300,"height":59,"caption":"Zinnankauf"},"image":{"@id":"https:\/\/www.zinnankauf.ch\/#\/schema\/logo\/image\/"}}]}},"_links":{"self":[{"href":"https:\/\/www.zinnankauf.ch\/index.php\/wp-json\/wp\/v2\/pages\/2","targetHints":{"allow":["GET"]}}],"collection":[{"href":"https:\/\/www.zinnankauf.ch\/index.php\/wp-json\/wp\/v2\/pages"}],"about":[{"href":"https:\/\/www.zinnankauf.ch\/index.php\/wp-json\/wp\/v2\/types\/page"}],"author":[{"embeddable":true,"href":"https:\/\/www.zinnankauf.ch\/index.php\/wp-json\/wp\/v2\/users\/1"}],"replies":[{"embeddable":true,"href":"https:\/\/www.zinnankauf.ch\/index.php\/wp-json\/wp\/v2\/comments?post=2"}],"version-history":[{"count":111,"href":"https:\/\/www.zinnankauf.ch\/index.php\/wp-json\/wp\/v2\/pages\/2\/revisions"}],"predecessor-version":[{"id":219,"href":"https:\/\/www.zinnankauf.ch\/index.php\/wp-json\/wp\/v2\/pages\/2\/revisions\/219"}],"wp:attachment":[{"href":"https:\/\/www.zinnankauf.ch\/index.php\/wp-json\/wp\/v2\/media?parent=2"}],"curies":[{"name":"wp","href":"https:\/\/api.w.org\/{rel}","templated":true}]}}